{"id":73,"date":"2016-06-14T06:15:58","date_gmt":"2016-06-14T06:15:58","guid":{"rendered":"http:\/\/sw-themes.com\/porto_dummy\/?page_id=73"},"modified":"2020-08-03T04:04:00","modified_gmt":"2020-08-03T04:04:00","slug":"contacto-2","status":"publish","type":"page","link":"https:\/\/andira.org.mx\/admin\/contacto-2\/","title":{"rendered":"Contacto"},"content":{"rendered":"<p>Para obtener informaci\u00f3n adicional sobre la Asociaci\u00f3n Nacional de Distribuidores de la Industria de la Refrigeraci\u00f3n y Aire Acondicionado A.C. (ANDIRA)<br \/>\nDirecci\u00f3n: Av. Paseo de la Reforma 42, 1er Piso, Of. A, Col. Ju\u00e1rez, Alc. Cuauht\u00e9moc, Ciudad de M\u00e9xico.<\/p>\n<p>Tel\u00e9fono: 55 5293 9835<\/p>\n<div role=\"form\" class=\"wpcf7\" id=\"wpcf7-f11002-o1\" lang=\"es-ES\" dir=\"ltr\">\n<div class=\"screen-reader-response\"><p role=\"status\" aria-live=\"polite\" aria-atomic=\"true\"><\/p> <ul><\/ul><\/div>\n<form action=\"\/admin\/wp-json\/wp\/v2\/pages\/73#wpcf7-f11002-o1\" method=\"post\" class=\"wpcf7-form init\" novalidate=\"novalidate\" data-status=\"init\">\n<div style=\"display: none;\">\n<input type=\"hidden\" name=\"_wpcf7\" value=\"11002\" \/>\n<input type=\"hidden\" name=\"_wpcf7_version\" value=\"5.3.2\" \/>\n<input type=\"hidden\" name=\"_wpcf7_locale\" value=\"es_ES\" \/>\n<input type=\"hidden\" name=\"_wpcf7_unit_tag\" value=\"wpcf7-f11002-o1\" \/>\n<input type=\"hidden\" name=\"_wpcf7_container_post\" value=\"0\" \/>\n<input type=\"hidden\" name=\"_wpcf7_posted_data_hash\" value=\"\" \/>\n<\/div>\n<table>\n<tr class=\"row2\">\n<td>Nombre *<\/td>\n<td><span class=\"wpcf7-form-control-wrap your-name\"><input type=\"text\" name=\"your-name\" value=\"\" size=\"40\" class=\"wpcf7-form-control wpcf7-text wpcf7-validates-as-required\" aria-required=\"true\" aria-invalid=\"false\" \/><\/span><\/td>\n<\/tr>\n<tr class=\"row1\">\n<td>E-mail *<\/td>\n<td><span class=\"wpcf7-form-control-wrap your-email\"><input type=\"email\" name=\"your-email\" value=\"\" size=\"40\" class=\"wpcf7-form-control wpcf7-text wpcf7-email wpcf7-validates-as-required wpcf7-validates-as-email\" aria-required=\"true\" aria-invalid=\"false\" \/><\/span><\/td>\n<\/tr>\n<tr class=\"row2\">\n<td>Asunto:<\/td>\n<td><span class=\"wpcf7-form-control-wrap your-subject\"><input type=\"text\" name=\"your-subject\" value=\"\" size=\"40\" class=\"wpcf7-form-control wpcf7-text\" aria-invalid=\"false\" \/><\/span><\/td>\n<\/tr>\n<tr class=\"row1\">\n<td valign=\"top\">Mensaje:<\/td>\n<td><span class=\"wpcf7-form-control-wrap your-message\"><textarea name=\"your-message\" cols=\"40\" rows=\"10\" class=\"wpcf7-form-control wpcf7-textarea\" aria-invalid=\"false\"><\/textarea><\/span><\/td>\n<\/tr>\n<tr class=\"row2\">\n<td colspan=\"2\"><span class=\"wpcf7-form-control-wrap acepto\"><span class=\"wpcf7-form-control wpcf7-acceptance\"><span class=\"wpcf7-list-item\"><input type=\"checkbox\" name=\"acepto\" value=\"1\" aria-invalid=\"false\" \/><\/span><\/span><\/span> He leido y acepto el <a href=\"http:\/\/www.andira.org.mx\/aviso-de-privacidad\/\">aviso de privacidad<\/a><\/td>\n<\/tr>\n<tr class=\"row1\">\n<td colspan=\"2\" align=\"center\">\n<input type=\"submit\" value=\"Enviar\" class=\"wpcf7-form-control wpcf7-submit\" \/>\n<\/td>\n<\/tr>\n<\/table>\n<div class=\"wpcf7-response-output\" aria-hidden=\"true\"><\/div><\/form><\/div>\n","protected":false},"excerpt":{"rendered":"<p>Para obtener informaci\u00f3n adicional sobre la Asociaci\u00f3n Nacional de Distribuidores de la Industria de la Refrigeraci\u00f3n y Aire Acondicionado A.C. (ANDIRA) Direcci\u00f3n: Av. Paseo de la Reforma 42, 1er Piso, Of. A, Col. Ju\u00e1rez, Alc. Cuauht\u00e9moc, Ciudad de M\u00e9xico. Tel\u00e9fono: 55 5293 9835<\/p>\n","protected":false},"author":1,"featured_media":0,"parent":0,"menu_order":0,"comment_status":"closed","ping_status":"closed","template":"","meta":[],"_links":{"self":[{"href":"https:\/\/andira.org.mx\/admin\/wp-json\/wp\/v2\/pages\/73"}],"collection":[{"href":"https:\/\/andira.org.mx\/admin\/wp-json\/wp\/v2\/pages"}],"about":[{"href":"https:\/\/andira.org.mx\/admin\/wp-json\/wp\/v2\/types\/page"}],"author":[{"embeddable":true,"href":"https:\/\/andira.org.mx\/admin\/wp-json\/wp\/v2\/users\/1"}],"replies":[{"embeddable":true,"href":"https:\/\/andira.org.mx\/admin\/wp-json\/wp\/v2\/comments?post=73"}],"version-history":[{"count":2,"href":"https:\/\/andira.org.mx\/admin\/wp-json\/wp\/v2\/pages\/73\/revisions"}],"predecessor-version":[{"id":19919,"href":"https:\/\/andira.org.mx\/admin\/wp-json\/wp\/v2\/pages\/73\/revisions\/19919"}],"wp:attachment":[{"href":"https:\/\/andira.org.mx\/admin\/wp-json\/wp\/v2\/media?parent=73"}],"curies":[{"name":"wp","href":"https:\/\/api.w.org\/{rel}","templated":true}]}}