{"id":6074,"date":"2015-06-15T21:03:31","date_gmt":"2015-06-16T02:03:31","guid":{"rendered":"http:\/\/www.andira.org.mx\/admin\/?page_id=6074"},"modified":"2020-07-22T21:05:48","modified_gmt":"2020-07-22T21:05:48","slug":"sitios-de-interes","status":"publish","type":"page","link":"https:\/\/andira.org.mx\/admin\/sitios-de-interes\/","title":{"rendered":"Sitios de Inter\u00e9s"},"content":{"rendered":"\t\t<div data-elementor-type=\"wp-page\" data-elementor-id=\"6074\" class=\"elementor elementor-6074\" data-elementor-settings=\"[]\">\n\t\t\t\t\t\t<div class=\"elementor-inner\">\n\t\t\t\t\t\t\t<div class=\"elementor-section-wrap\">\n\t\t\t\t\t\t\t<section class=\"elementor-section elementor-top-section elementor-element elementor-element-7dd4d77 elementor-section-boxed elementor-section-height-default elementor-section-height-default\" data-id=\"7dd4d77\" data-element_type=\"section\">\n\t\t\t\t\t\t<div class=\"elementor-container elementor-column-gap-default \">\n\t\t\t\t<div class=\"elementor-row\">\n\t\t\t\t<div class=\"elementor-column elementor-col-100 elementor-top-column elementor-element elementor-element-f1380bd\" data-id=\"f1380bd\" data-element_type=\"column\">\n\t\t\t<div class=\"elementor-column-wrap  elementor-element-populated\">\n\t\t\t\t\t<div class=\"elementor-widget-wrap\">\n\t\t\t\t<div class=\"elementor-element elementor-element-b13cb29 elementor-widget elementor-widget-heading\" data-id=\"b13cb29\" data-element_type=\"widget\" data-widget_type=\"heading.default\">\n\t\t\t\t<div class=\"elementor-widget-container\">\n\t\t\t<h2 class=\"elementor-heading-title elementor-size-default\">Sitios de Inter\u00e9s<\/h2>\t\t<\/div>\n\t\t\t\t<\/div>\n\t\t\t\t\t\t<\/div>\n\t\t\t<\/div>\n\t\t<\/div>\n\t\t\t\t\t\t<\/div>\n\t\t\t<\/div>\n\t\t<\/section>\n\t\t\t\t<section class=\"elementor-section elementor-top-section elementor-element elementor-element-4767963 elementor-section-boxed elementor-section-height-default elementor-section-height-default\" data-id=\"4767963\" data-element_type=\"section\">\n\t\t\t\t\t\t<div class=\"elementor-container elementor-column-gap-default \">\n\t\t\t\t<div class=\"elementor-row\">\n\t\t\t\t<div class=\"elementor-column elementor-col-100 elementor-top-column elementor-element elementor-element-cf0943f\" data-id=\"cf0943f\" data-element_type=\"column\">\n\t\t\t<div class=\"elementor-column-wrap  elementor-element-populated\">\n\t\t\t\t\t<div class=\"elementor-widget-wrap\">\n\t\t\t\t<div class=\"elementor-element elementor-element-a4b53ec elementor-widget elementor-widget-spacer\" data-id=\"a4b53ec\" data-element_type=\"widget\" data-widget_type=\"spacer.default\">\n\t\t\t\t<div class=\"elementor-widget-container\">\n\t\t\t\t\t<div class=\"elementor-spacer\">\n\t\t\t<div class=\"elementor-spacer-inner\"><\/div>\n\t\t<\/div>\n\t\t\t\t<\/div>\n\t\t\t\t<\/div>\n\t\t\t\t\t\t<\/div>\n\t\t\t<\/div>\n\t\t<\/div>\n\t\t\t\t\t\t<\/div>\n\t\t\t<\/div>\n\t\t<\/section>\n\t\t\t\t<section class=\"elementor-section elementor-top-section elementor-element elementor-element-55d64d7 elementor-section-boxed elementor-section-height-default elementor-section-height-default\" data-id=\"55d64d7\" data-element_type=\"section\">\n\t\t\t\t\t\t<div class=\"elementor-container elementor-column-gap-default \">\n\t\t\t\t<div class=\"elementor-row\">\n\t\t\t\t<div class=\"elementor-column elementor-col-33 elementor-top-column elementor-element elementor-element-2676c58\" data-id=\"2676c58\" data-element_type=\"column\">\n\t\t\t<div class=\"elementor-column-wrap  elementor-element-populated\">\n\t\t\t\t\t<div class=\"elementor-widget-wrap\">\n\t\t\t\t<div class=\"elementor-element elementor-element-e7955bf elementor-widget elementor-widget-image\" data-id=\"e7955bf\" data-element_type=\"widget\" data-widget_type=\"image.default\">\n\t\t\t\t<div class=\"elementor-widget-container\">\n\t\t\t\t\t<div class=\"elementor-image\">\n\t\t\t\t\t\t\t<figure class=\"wp-caption\">\n\t\t\t\t\t\t\t\t\t\t\t<a href=\"http:\/\/www.anfir.mx\/\">\n\t\t\t\t\t\t\t<img width=\"147\" height=\"147\" src=\"https:\/\/andira.org.mx\/admin\/wp-content\/uploads\/2020\/07\/log1.jpeg\" class=\"attachment-2048x2048 size-2048x2048\" alt=\"\" loading=\"lazy\" srcset=\"https:\/\/andira.org.mx\/admin\/wp-content\/uploads\/2020\/07\/log1.jpeg 147w, https:\/\/andira.org.mx\/admin\/wp-content\/uploads\/2020\/07\/log1-70x70.jpeg 70w\" sizes=\"(max-width: 147px) 100vw, 147px\" \/>\t\t\t\t\t\t\t\t<\/a>\n\t\t\t\t\t\t\t\t\t\t\t<figcaption class=\"widget-image-caption wp-caption-text\"><\/figcaption>\n\t\t\t\t\t\t\t\t\t\t<\/figure>\n\t\t\t\t\t<\/div>\n\t\t\t\t<\/div>\n\t\t\t\t<\/div>\n\t\t\t\t<div class=\"elementor-element elementor-element-fa2c028 elementor-widget elementor-widget-cms_features\" data-id=\"fa2c028\" data-element_type=\"widget\" data-widget_type=\"cms_features.default\">\n\t\t\t\t<div class=\"elementor-widget-container\">\n\t\t\t<div class=\"cms-feature-layout1 wow pulse\">\r\n            <div class=\"cms-feature-icon\"><i class=\"fac fac-check\"><\/i><\/div>\r\n        <div class=\"cms-feature-meta\">\r\n            <h3 class=\"item--title\">\r\n                Asociaci\u00f3n Nacional de Fabricantes de la Industria de la Refrigeraci\u00f3n.            <\/h3>\r\n            <div class=\"item--description\">Creada con la finalidad de promover el desarrollo de la Industria de la Refrigeraci\u00f3n nacional, para garantizar una competencia leal, protegiendo en todo momento los intereses de los afiliados.<\/div>\r\n        <\/div>\r\n    <\/div>\t\t<\/div>\n\t\t\t\t<\/div>\n\t\t\t\t\t\t<\/div>\n\t\t\t<\/div>\n\t\t<\/div>\n\t\t\t\t<div class=\"elementor-column elementor-col-33 elementor-top-column elementor-element elementor-element-991f36d\" data-id=\"991f36d\" data-element_type=\"column\">\n\t\t\t<div class=\"elementor-column-wrap  elementor-element-populated\">\n\t\t\t\t\t<div class=\"elementor-widget-wrap\">\n\t\t\t\t<div class=\"elementor-element elementor-element-b64d182 elementor-widget elementor-widget-image\" data-id=\"b64d182\" data-element_type=\"widget\" data-widget_type=\"image.default\">\n\t\t\t\t<div class=\"elementor-widget-container\">\n\t\t\t\t\t<div class=\"elementor-image\">\n\t\t\t\t\t\t\t<figure class=\"wp-caption\">\n\t\t\t\t\t\t\t\t\t\t\t<a href=\"https:\/\/www.ashraemx.org\/\">\n\t\t\t\t\t\t\t<img width=\"147\" height=\"147\" src=\"https:\/\/andira.org.mx\/admin\/wp-content\/uploads\/2020\/07\/log2.jpeg\" class=\"attachment-large size-large\" alt=\"\" loading=\"lazy\" srcset=\"https:\/\/andira.org.mx\/admin\/wp-content\/uploads\/2020\/07\/log2.jpeg 147w, https:\/\/andira.org.mx\/admin\/wp-content\/uploads\/2020\/07\/log2-70x70.jpeg 70w\" sizes=\"(max-width: 147px) 100vw, 147px\" \/>\t\t\t\t\t\t\t\t<\/a>\n\t\t\t\t\t\t\t\t\t\t\t<figcaption class=\"widget-image-caption wp-caption-text\"><\/figcaption>\n\t\t\t\t\t\t\t\t\t\t<\/figure>\n\t\t\t\t\t<\/div>\n\t\t\t\t<\/div>\n\t\t\t\t<\/div>\n\t\t\t\t<div class=\"elementor-element elementor-element-5cc119c elementor-widget elementor-widget-cms_features\" data-id=\"5cc119c\" data-element_type=\"widget\" data-widget_type=\"cms_features.default\">\n\t\t\t\t<div class=\"elementor-widget-container\">\n\t\t\t<div class=\"cms-feature-layout1 wow pulse\">\r\n            <div class=\"cms-feature-icon\"><i class=\"fac fac-check\"><\/i><\/div>\r\n        <div class=\"cms-feature-meta\">\r\n            <h3 class=\"item--title\">\r\n                Sociedad Americana de Aire Acondicionado, Refrigeraci\u00f3n y Calefacci\u00f3n (ASHRAE)            <\/h3>\r\n            <div class=\"item--description\">Es una sociedad internacional t\u00e9cnica dedicada a mejorar la calidad de vida a trav\u00e9s de los avances tecnol\u00f3gicos relacionados a la calefacci\u00f3n, refrigeraci\u00f3n, aire acondicionado y ventilaci\u00f3n (HVACR).El ASHRAE est\u00e1 compuesto por m\u00e1s de 55,000 miembros voluntarios en m\u00e1s de 130 pa\u00edses formando 165 cap\u00edtulos. Los miembros de la sociedad participan en el desarrollo de tecnolog\u00eda en HVACR creando est\u00e1ndares, recomendando procedimientos y gu\u00edas, investigando y publicando art\u00edculos t\u00e9cnicos.<\/div>\r\n        <\/div>\r\n    <\/div>\t\t<\/div>\n\t\t\t\t<\/div>\n\t\t\t\t\t\t<\/div>\n\t\t\t<\/div>\n\t\t<\/div>\n\t\t\t\t<div class=\"elementor-column elementor-col-33 elementor-top-column elementor-element elementor-element-33e3108\" data-id=\"33e3108\" data-element_type=\"column\">\n\t\t\t<div class=\"elementor-column-wrap  elementor-element-populated\">\n\t\t\t\t\t<div class=\"elementor-widget-wrap\">\n\t\t\t\t<div class=\"elementor-element elementor-element-93e8afa elementor-widget elementor-widget-image\" data-id=\"93e8afa\" data-element_type=\"widget\" data-widget_type=\"image.default\">\n\t\t\t\t<div class=\"elementor-widget-container\">\n\t\t\t\t\t<div class=\"elementor-image\">\n\t\t\t\t\t\t\t<figure class=\"wp-caption\">\n\t\t\t\t\t\t\t\t\t\t\t<a href=\"https:\/\/www.0grados.com\/\">\n\t\t\t\t\t\t\t<img width=\"147\" height=\"147\" src=\"https:\/\/andira.org.mx\/admin\/wp-content\/uploads\/2020\/07\/log3.jpeg\" class=\"attachment-large size-large\" alt=\"\" loading=\"lazy\" srcset=\"https:\/\/andira.org.mx\/admin\/wp-content\/uploads\/2020\/07\/log3.jpeg 147w, https:\/\/andira.org.mx\/admin\/wp-content\/uploads\/2020\/07\/log3-70x70.jpeg 70w\" sizes=\"(max-width: 147px) 100vw, 147px\" \/>\t\t\t\t\t\t\t\t<\/a>\n\t\t\t\t\t\t\t\t\t\t\t<figcaption class=\"widget-image-caption wp-caption-text\"><\/figcaption>\n\t\t\t\t\t\t\t\t\t\t<\/figure>\n\t\t\t\t\t<\/div>\n\t\t\t\t<\/div>\n\t\t\t\t<\/div>\n\t\t\t\t<div class=\"elementor-element elementor-element-d7e6896 elementor-widget elementor-widget-cms_features\" data-id=\"d7e6896\" data-element_type=\"widget\" data-widget_type=\"cms_features.default\">\n\t\t\t\t<div class=\"elementor-widget-container\">\n\t\t\t<div class=\"cms-feature-layout1 wow pulse\">\r\n            <div class=\"cms-feature-icon\"><i class=\"fac fac-check\"><\/i><\/div>\r\n        <div class=\"cms-feature-meta\">\r\n            <h3 class=\"item--title\">\r\n                Revista Cero Grados            <\/h3>\r\n            <div class=\"item--description\">Revista Oficial de la Asociaci\u00f3n Nacional de Distribuidores de la Industrial y la Refrigeraci\u00f3n y Aire Acondicionado (ANDIRA), que impulsa en todo momento las buenas pr\u00e1cticas, los conocimientos y el entrenamiento de los mec\u00e1nicos que desempe\u00f1an su trabajo en el d\u00eda a d\u00eda en la Industria HVACR.<\/div>\r\n        <\/div>\r\n    <\/div>\t\t<\/div>\n\t\t\t\t<\/div>\n\t\t\t\t\t\t<\/div>\n\t\t\t<\/div>\n\t\t<\/div>\n\t\t\t\t\t\t<\/div>\n\t\t\t<\/div>\n\t\t<\/section>\n\t\t\t\t<section class=\"elementor-section elementor-top-section elementor-element elementor-element-e9842aa elementor-section-boxed elementor-section-height-default elementor-section-height-default\" data-id=\"e9842aa\" data-element_type=\"section\">\n\t\t\t\t\t\t<div class=\"elementor-container elementor-column-gap-default \">\n\t\t\t\t<div class=\"elementor-row\">\n\t\t\t\t<div class=\"elementor-column elementor-col-100 elementor-top-column elementor-element elementor-element-8c7f30e\" data-id=\"8c7f30e\" data-element_type=\"column\">\n\t\t\t<div class=\"elementor-column-wrap  elementor-element-populated\">\n\t\t\t\t\t<div class=\"elementor-widget-wrap\">\n\t\t\t\t<div class=\"elementor-element elementor-element-0b88381 elementor-widget elementor-widget-spacer\" data-id=\"0b88381\" data-element_type=\"widget\" data-widget_type=\"spacer.default\">\n\t\t\t\t<div class=\"elementor-widget-container\">\n\t\t\t\t\t<div class=\"elementor-spacer\">\n\t\t\t<div class=\"elementor-spacer-inner\"><\/div>\n\t\t<\/div>\n\t\t\t\t<\/div>\n\t\t\t\t<\/div>\n\t\t\t\t\t\t<\/div>\n\t\t\t<\/div>\n\t\t<\/div>\n\t\t\t\t\t\t<\/div>\n\t\t\t<\/div>\n\t\t<\/section>\n\t\t\t\t<section class=\"elementor-section elementor-top-section elementor-element elementor-element-fe7c04c elementor-section-boxed elementor-section-height-default elementor-section-height-default\" data-id=\"fe7c04c\" data-element_type=\"section\">\n\t\t\t\t\t\t<div class=\"elementor-container elementor-column-gap-default \">\n\t\t\t\t<div class=\"elementor-row\">\n\t\t\t\t<div class=\"elementor-column elementor-col-33 elementor-top-column elementor-element elementor-element-62c6176\" data-id=\"62c6176\" data-element_type=\"column\">\n\t\t\t<div class=\"elementor-column-wrap  elementor-element-populated\">\n\t\t\t\t\t<div class=\"elementor-widget-wrap\">\n\t\t\t\t<div class=\"elementor-element elementor-element-41ed93e elementor-widget elementor-widget-image\" data-id=\"41ed93e\" data-element_type=\"widget\" data-widget_type=\"image.default\">\n\t\t\t\t<div class=\"elementor-widget-container\">\n\t\t\t\t\t<div class=\"elementor-image\">\n\t\t\t\t\t\t\t<figure class=\"wp-caption\">\n\t\t\t\t\t\t\t\t\t\t\t<a href=\"https:\/\/cet.mx\/\">\n\t\t\t\t\t\t\t<img width=\"150\" height=\"150\" src=\"https:\/\/andira.org.mx\/admin\/wp-content\/uploads\/2020\/07\/Logo-CET.png\" class=\"attachment-2048x2048 size-2048x2048\" alt=\"\" loading=\"lazy\" srcset=\"https:\/\/andira.org.mx\/admin\/wp-content\/uploads\/2020\/07\/Logo-CET.png 150w, https:\/\/andira.org.mx\/admin\/wp-content\/uploads\/2020\/07\/Logo-CET-70x70.png 70w\" sizes=\"(max-width: 150px) 100vw, 150px\" \/>\t\t\t\t\t\t\t\t<\/a>\n\t\t\t\t\t\t\t\t\t\t\t<figcaption class=\"widget-image-caption wp-caption-text\"><\/figcaption>\n\t\t\t\t\t\t\t\t\t\t<\/figure>\n\t\t\t\t\t<\/div>\n\t\t\t\t<\/div>\n\t\t\t\t<\/div>\n\t\t\t\t<div class=\"elementor-element elementor-element-30efed2 elementor-widget elementor-widget-cms_features\" data-id=\"30efed2\" data-element_type=\"widget\" data-widget_type=\"cms_features.default\">\n\t\t\t\t<div class=\"elementor-widget-container\">\n\t\t\t<div class=\"cms-feature-layout1 wow pulse\">\r\n            <div class=\"cms-feature-icon\"><i class=\"fac fac-check\"><\/i><\/div>\r\n        <div class=\"cms-feature-meta\">\r\n            <h3 class=\"item--title\">\r\n                Consejo en Excelencia T\u00e9cnica            <\/h3>\r\n            <div class=\"item--description\">Fomenta y propicia la cultura de la educaci\u00f3n para elevar la competitividad y productividad de las personas y de las empresas, a trav\u00e9s de la acreditaci\u00f3n de servicios de evaluaci\u00f3n y certificaci\u00f3n; impulsamos el saber, el saber hacer y el saber ser de las personas, mediante la optimizaci\u00f3n de sus procesos operativos.<\/div>\r\n        <\/div>\r\n    <\/div>\t\t<\/div>\n\t\t\t\t<\/div>\n\t\t\t\t\t\t<\/div>\n\t\t\t<\/div>\n\t\t<\/div>\n\t\t\t\t<div class=\"elementor-column elementor-col-33 elementor-top-column elementor-element elementor-element-a0c9bba\" data-id=\"a0c9bba\" data-element_type=\"column\">\n\t\t\t<div class=\"elementor-column-wrap  elementor-element-populated\">\n\t\t\t\t\t<div class=\"elementor-widget-wrap\">\n\t\t\t\t<div class=\"elementor-element elementor-element-17a46a6 elementor-widget elementor-widget-image\" data-id=\"17a46a6\" data-element_type=\"widget\" data-widget_type=\"image.default\">\n\t\t\t\t<div class=\"elementor-widget-container\">\n\t\t\t\t\t<div class=\"elementor-image\">\n\t\t\t\t\t\t\t<figure class=\"wp-caption\">\n\t\t\t\t\t\t\t\t\t\t\t<a href=\"https:\/\/imei.org.mx\/\">\n\t\t\t\t\t\t\t<img width=\"252\" height=\"93\" src=\"https:\/\/andira.org.mx\/admin\/wp-content\/uploads\/2020\/07\/imei.jpg\" class=\"attachment-large size-large\" alt=\"\" loading=\"lazy\" \/>\t\t\t\t\t\t\t\t<\/a>\n\t\t\t\t\t\t\t\t\t\t\t<figcaption class=\"widget-image-caption wp-caption-text\"><\/figcaption>\n\t\t\t\t\t\t\t\t\t\t<\/figure>\n\t\t\t\t\t<\/div>\n\t\t\t\t<\/div>\n\t\t\t\t<\/div>\n\t\t\t\t<div class=\"elementor-element elementor-element-92349c2 elementor-widget elementor-widget-cms_features\" data-id=\"92349c2\" data-element_type=\"widget\" data-widget_type=\"cms_features.default\">\n\t\t\t\t<div class=\"elementor-widget-container\">\n\t\t\t<div class=\"cms-feature-layout1 wow pulse\">\r\n            <div class=\"cms-feature-icon\"><i class=\"fac fac-check\"><\/i><\/div>\r\n        <div class=\"cms-feature-meta\">\r\n            <h3 class=\"item--title\">\r\n                Asociaci\u00f3n Mexicana del Edificio Inteligente y Sustentable A.C. (IMEI)            <\/h3>\r\n            <div class=\"item--description\">Es una organizaci\u00f3n no lucrativa que agrupa a profesionales y empresas vinculados con el concepto del cual toma nombre.\n\n\nDifundir los conceptos relacionados con la planeaci\u00f3n, construcci\u00f3n, equipamiento y operaci\u00f3n de edificios inteligentes y sustentables, con el fin de promover el uso adecuado de tecnolog\u00edas y fortalecer al mercado mediante la promoci\u00f3n de negocios ben\u00e9ficos para proveedores de bienes y servicios, inversionistas y usuarios finales<\/div>\r\n        <\/div>\r\n    <\/div>\t\t<\/div>\n\t\t\t\t<\/div>\n\t\t\t\t\t\t<\/div>\n\t\t\t<\/div>\n\t\t<\/div>\n\t\t\t\t<div class=\"elementor-column elementor-col-33 elementor-top-column elementor-element elementor-element-47099d6\" data-id=\"47099d6\" data-element_type=\"column\">\n\t\t\t<div class=\"elementor-column-wrap  elementor-element-populated\">\n\t\t\t\t\t<div class=\"elementor-widget-wrap\">\n\t\t\t\t<div class=\"elementor-element elementor-element-1b8cd78 elementor-widget elementor-widget-image\" data-id=\"1b8cd78\" data-element_type=\"widget\" data-widget_type=\"image.default\">\n\t\t\t\t<div class=\"elementor-widget-container\">\n\t\t\t\t\t<div class=\"elementor-image\">\n\t\t\t\t\t\t\t<figure class=\"wp-caption\">\n\t\t\t\t\t\t\t\t\t\t\t<a href=\"https:\/\/www.mundohvacr.com.mx\/mundo\/\">\n\t\t\t\t\t\t\t<img width=\"147\" height=\"147\" src=\"https:\/\/andira.org.mx\/admin\/wp-content\/uploads\/2020\/07\/log4.jpeg\" class=\"attachment-large size-large\" alt=\"\" loading=\"lazy\" srcset=\"https:\/\/andira.org.mx\/admin\/wp-content\/uploads\/2020\/07\/log4.jpeg 147w, https:\/\/andira.org.mx\/admin\/wp-content\/uploads\/2020\/07\/log4-70x70.jpeg 70w\" sizes=\"(max-width: 147px) 100vw, 147px\" \/>\t\t\t\t\t\t\t\t<\/a>\n\t\t\t\t\t\t\t\t\t\t\t<figcaption class=\"widget-image-caption wp-caption-text\"><\/figcaption>\n\t\t\t\t\t\t\t\t\t\t<\/figure>\n\t\t\t\t\t<\/div>\n\t\t\t\t<\/div>\n\t\t\t\t<\/div>\n\t\t\t\t<div class=\"elementor-element elementor-element-1147ec4 elementor-widget elementor-widget-cms_features\" data-id=\"1147ec4\" data-element_type=\"widget\" data-widget_type=\"cms_features.default\">\n\t\t\t\t<div class=\"elementor-widget-container\">\n\t\t\t<div class=\"cms-feature-layout1 wow pulse\">\r\n            <div class=\"cms-feature-icon\"><i class=\"fac fac-check\"><\/i><\/div>\r\n        <div class=\"cms-feature-meta\">\r\n            <h3 class=\"item--title\">\r\n                Revista Mundo HVACR            <\/h3>\r\n            <div class=\"item--description\">Revista informativa y de investigaci\u00f3n de la Industria de la Refrigeraci\u00f3n, Aire Acondicionado, Automatizaci\u00f3n, Ventilaci\u00f3n, Calefacci\u00f3n y Sostenibilidad.<\/div>\r\n        <\/div>\r\n    <\/div>\t\t<\/div>\n\t\t\t\t<\/div>\n\t\t\t\t\t\t<\/div>\n\t\t\t<\/div>\n\t\t<\/div>\n\t\t\t\t\t\t<\/div>\n\t\t\t<\/div>\n\t\t<\/section>\n\t\t\t\t<section class=\"elementor-section elementor-top-section elementor-element elementor-element-4df0c3b elementor-section-boxed elementor-section-height-default elementor-section-height-default\" data-id=\"4df0c3b\" data-element_type=\"section\">\n\t\t\t\t\t\t<div class=\"elementor-container elementor-column-gap-default \">\n\t\t\t\t<div class=\"elementor-row\">\n\t\t\t\t<div class=\"elementor-column elementor-col-100 elementor-top-column elementor-element elementor-element-1f2ee39\" data-id=\"1f2ee39\" data-element_type=\"column\">\n\t\t\t<div class=\"elementor-column-wrap  elementor-element-populated\">\n\t\t\t\t\t<div class=\"elementor-widget-wrap\">\n\t\t\t\t<div class=\"elementor-element elementor-element-b174f05 elementor-widget elementor-widget-spacer\" data-id=\"b174f05\" data-element_type=\"widget\" data-widget_type=\"spacer.default\">\n\t\t\t\t<div class=\"elementor-widget-container\">\n\t\t\t\t\t<div class=\"elementor-spacer\">\n\t\t\t<div class=\"elementor-spacer-inner\"><\/div>\n\t\t<\/div>\n\t\t\t\t<\/div>\n\t\t\t\t<\/div>\n\t\t\t\t\t\t<\/div>\n\t\t\t<\/div>\n\t\t<\/div>\n\t\t\t\t\t\t<\/div>\n\t\t\t<\/div>\n\t\t<\/section>\n\t\t\t\t<section class=\"elementor-section elementor-top-section elementor-element elementor-element-427cf68 elementor-section-boxed elementor-section-height-default elementor-section-height-default\" data-id=\"427cf68\" data-element_type=\"section\">\n\t\t\t\t\t\t<div class=\"elementor-container elementor-column-gap-default \">\n\t\t\t\t<div class=\"elementor-row\">\n\t\t\t\t<div class=\"elementor-column elementor-col-50 elementor-top-column elementor-element elementor-element-6dd1f98\" data-id=\"6dd1f98\" data-element_type=\"column\">\n\t\t\t<div class=\"elementor-column-wrap  elementor-element-populated\">\n\t\t\t\t\t<div class=\"elementor-widget-wrap\">\n\t\t\t\t<div class=\"elementor-element elementor-element-11821ef elementor-widget elementor-widget-image\" data-id=\"11821ef\" data-element_type=\"widget\" data-widget_type=\"image.default\">\n\t\t\t\t<div class=\"elementor-widget-container\">\n\t\t\t\t\t<div class=\"elementor-image\">\n\t\t\t\t\t\t\t<figure class=\"wp-caption\">\n\t\t\t\t\t\t\t\t\t\t\t<a href=\"https:\/\/www.gob.mx\/semarnat\">\n\t\t\t\t\t\t\t<img width=\"246\" height=\"81\" src=\"https:\/\/andira.org.mx\/admin\/wp-content\/uploads\/2020\/07\/logo_Logo_Semarnat_SinSombra.jpg\" class=\"attachment-2048x2048 size-2048x2048\" alt=\"\" loading=\"lazy\" \/>\t\t\t\t\t\t\t\t<\/a>\n\t\t\t\t\t\t\t\t\t\t\t<figcaption class=\"widget-image-caption wp-caption-text\"><\/figcaption>\n\t\t\t\t\t\t\t\t\t\t<\/figure>\n\t\t\t\t\t<\/div>\n\t\t\t\t<\/div>\n\t\t\t\t<\/div>\n\t\t\t\t<div class=\"elementor-element elementor-element-fb37ed8 elementor-widget elementor-widget-cms_features\" data-id=\"fb37ed8\" data-element_type=\"widget\" data-widget_type=\"cms_features.default\">\n\t\t\t\t<div class=\"elementor-widget-container\">\n\t\t\t<div class=\"cms-feature-layout1 wow pulse\">\r\n            <div class=\"cms-feature-icon\"><i class=\"fac fac-check\"><\/i><\/div>\r\n        <div class=\"cms-feature-meta\">\r\n            <h3 class=\"item--title\">\r\n                Consejo en Excelencia T\u00e9cnica            <\/h3>\r\n            <div class=\"item--description\">Fomenta y propicia la cultura de la educaci\u00f3n para elevar la competitividad y productividad de las personas y de las empresas, a trav\u00e9s de la acreditaci\u00f3n de servicios de evaluaci\u00f3n y certificaci\u00f3n; impulsamos el saber, el saber hacer y el saber ser de las personas, mediante la optimizaci\u00f3n de sus procesos operativos.\n\n<\/div>\r\n        <\/div>\r\n    <\/div>\t\t<\/div>\n\t\t\t\t<\/div>\n\t\t\t\t\t\t<\/div>\n\t\t\t<\/div>\n\t\t<\/div>\n\t\t\t\t<div class=\"elementor-column elementor-col-50 elementor-top-column elementor-element elementor-element-f10376b\" data-id=\"f10376b\" data-element_type=\"column\">\n\t\t\t<div class=\"elementor-column-wrap  elementor-element-populated\">\n\t\t\t\t\t<div class=\"elementor-widget-wrap\">\n\t\t\t\t<div class=\"elementor-element elementor-element-1d97db4 elementor-widget elementor-widget-image\" data-id=\"1d97db4\" data-element_type=\"widget\" data-widget_type=\"image.default\">\n\t\t\t\t<div class=\"elementor-widget-container\">\n\t\t\t\t\t<div class=\"elementor-image\">\n\t\t\t\t\t\t\t<figure class=\"wp-caption\">\n\t\t\t\t\t\t\t\t\t\t\t<a href=\"http:\/\/sume.org.mx\/\">\n\t\t\t\t\t\t\t<img width=\"252\" height=\"93\" src=\"https:\/\/andira.org.mx\/admin\/wp-content\/uploads\/2020\/07\/sume.jpg\" class=\"attachment-full size-full\" alt=\"\" loading=\"lazy\" \/>\t\t\t\t\t\t\t\t<\/a>\n\t\t\t\t\t\t\t\t\t\t\t<figcaption class=\"widget-image-caption wp-caption-text\"><\/figcaption>\n\t\t\t\t\t\t\t\t\t\t<\/figure>\n\t\t\t\t\t<\/div>\n\t\t\t\t<\/div>\n\t\t\t\t<\/div>\n\t\t\t\t<div class=\"elementor-element elementor-element-6589c40 elementor-widget elementor-widget-cms_features\" data-id=\"6589c40\" data-element_type=\"widget\" data-widget_type=\"cms_features.default\">\n\t\t\t\t<div class=\"elementor-widget-container\">\n\t\t\t<div class=\"cms-feature-layout1 wow pulse\">\r\n            <div class=\"cms-feature-icon\"><i class=\"fac fac-check\"><\/i><\/div>\r\n        <div class=\"cms-feature-meta\">\r\n            <h3 class=\"item--title\">\r\n                SUMe Sustentabilidad para M\u00e9xico A. C.            <\/h3>\r\n            <div class=\"item--description\">Es una asociaci\u00f3n sin fines de lucro cuya visi\u00f3n es sumar esfuerzos hacia un M\u00e9xico sustentable a fin de mejorar la calidad de vida de todos a trav\u00e9s de acciones en conjunto.\n\nEs un espacio plural que congrega a todas las organizaciones interesadas y comprometidas con el futuro sustentable que nuestro pa\u00eds necesita y merece.<\/div>\r\n        <\/div>\r\n    <\/div>\t\t<\/div>\n\t\t\t\t<\/div>\n\t\t\t\t\t\t<\/div>\n\t\t\t<\/div>\n\t\t<\/div>\n\t\t\t\t\t\t<\/div>\n\t\t\t<\/div>\n\t\t<\/section>\n\t\t\t\t\t\t<\/div>\n\t\t\t\t\t\t<\/div>\n\t\t\t\t\t<\/div>\n\t\t","protected":false},"excerpt":{"rendered":"<p>Sitios de Inter\u00e9s Asociaci\u00f3n Nacional de Fabricantes de la Industria de la Refrigeraci\u00f3n. Creada con la finalidad de promover el desarrollo de la Industria de la Refrigeraci\u00f3n nacional, para garantizar una competencia leal, protegiendo en todo momento los intereses de los afiliados. Sociedad Americana de Aire Acondicionado, Refrigeraci\u00f3n y Calefacci\u00f3n (ASHRAE) Es una sociedad internacional [&hellip;]<\/p>\n","protected":false},"author":1,"featured_media":0,"parent":0,"menu_order":0,"comment_status":"closed","ping_status":"closed","template":"","meta":[],"_links":{"self":[{"href":"https:\/\/andira.org.mx\/admin\/wp-json\/wp\/v2\/pages\/6074"}],"collection":[{"href":"https:\/\/andira.org.mx\/admin\/wp-json\/wp\/v2\/pages"}],"about":[{"href":"https:\/\/andira.org.mx\/admin\/wp-json\/wp\/v2\/types\/page"}],"author":[{"embeddable":true,"href":"https:\/\/andira.org.mx\/admin\/wp-json\/wp\/v2\/users\/1"}],"replies":[{"embeddable":true,"href":"https:\/\/andira.org.mx\/admin\/wp-json\/wp\/v2\/comments?post=6074"}],"version-history":[{"count":19,"href":"https:\/\/andira.org.mx\/admin\/wp-json\/wp\/v2\/pages\/6074\/revisions"}],"predecessor-version":[{"id":19724,"href":"https:\/\/andira.org.mx\/admin\/wp-json\/wp\/v2\/pages\/6074\/revisions\/19724"}],"wp:attachment":[{"href":"https:\/\/andira.org.mx\/admin\/wp-json\/wp\/v2\/media?parent=6074"}],"curies":[{"name":"wp","href":"https:\/\/api.w.org\/{rel}","templated":true}]}}