{"id":6070,"date":"2015-06-15T21:02:01","date_gmt":"2015-06-15T21:02:01","guid":{"rendered":"http:\/\/www.andira.org.mx\/admin\/?page_id=6070"},"modified":"2020-07-22T02:44:49","modified_gmt":"2020-07-22T02:44:49","slug":"membresia","status":"publish","type":"page","link":"https:\/\/andira.org.mx\/admin\/membresia\/","title":{"rendered":"Membres\u00eda"},"content":{"rendered":"\t\t<div data-elementor-type=\"wp-page\" data-elementor-id=\"6070\" class=\"elementor elementor-6070\" data-elementor-settings=\"[]\">\n\t\t\t\t\t\t<div class=\"elementor-inner\">\n\t\t\t\t\t\t\t<div class=\"elementor-section-wrap\">\n\t\t\t\t\t\t\t<section class=\"elementor-section elementor-top-section elementor-element elementor-element-2152185 elementor-section-boxed elementor-section-height-default elementor-section-height-default\" data-id=\"2152185\" data-element_type=\"section\">\n\t\t\t\t\t\t<div class=\"elementor-container elementor-column-gap-default \">\n\t\t\t\t<div class=\"elementor-row\">\n\t\t\t\t<div class=\"elementor-column elementor-col-100 elementor-top-column elementor-element elementor-element-7e17a48\" data-id=\"7e17a48\" data-element_type=\"column\">\n\t\t\t<div class=\"elementor-column-wrap  elementor-element-populated\">\n\t\t\t\t\t<div class=\"elementor-widget-wrap\">\n\t\t\t\t<div class=\"elementor-element elementor-element-4868be2 elementor-widget elementor-widget-text-editor\" data-id=\"4868be2\" data-element_type=\"widget\" data-widget_type=\"text-editor.default\">\n\t\t\t\t<div class=\"elementor-widget-container\">\n\t\t\t\t\t<div class=\"elementor-text-editor elementor-clearfix\"><p style=\"text-align: left;\">Cada vez somos m\u00e1s las empresas que creemos que la uni\u00f3n hace la fuerza para representar los intereses de empresas establecidas en M\u00e9xico en el ramo de la refrigeraci\u00f3n y climatizaci\u00f3n.<\/p><p style=\"text-align: left;\">Ac\u00e9rcate y conoce los beneficios de pertenecer a la familia ANDIRA y obt\u00e9n tu membres\u00eda.<\/p><\/div>\n\t\t\t\t<\/div>\n\t\t\t\t<\/div>\n\t\t\t\t<div class=\"elementor-element elementor-element-838b5df elementor-widget elementor-widget-spacer\" data-id=\"838b5df\" data-element_type=\"widget\" data-widget_type=\"spacer.default\">\n\t\t\t\t<div class=\"elementor-widget-container\">\n\t\t\t\t\t<div class=\"elementor-spacer\">\n\t\t\t<div class=\"elementor-spacer-inner\"><\/div>\n\t\t<\/div>\n\t\t\t\t<\/div>\n\t\t\t\t<\/div>\n\t\t\t\t<div class=\"elementor-element elementor-element-32339e0 elementor-widget elementor-widget-cms_button\" data-id=\"32339e0\" data-element_type=\"widget\" data-widget_type=\"cms_button.default\">\n\t\t\t\t<div class=\"elementor-widget-container\">\n\t\t\t    <div id=\"cms_button-32339e0\" class=\"cms-button-wrapper cms-button-layout1 wow bounce\">\r\n        <a class=\"btn btn-primary hv-dark\" href=\"#\">\r\n                            <span class=\"btn-icon icon-left\">\r\n                    <i class=\"fas fa-arrow-right\"><\/i>\r\n                <\/span>\r\n                <span class=\"btn-text\">\r\n                    Cont\u00e1ctanos                <\/span>\r\n             \r\n            \r\n                    <\/a>\r\n    <\/div>\r\n\t\t<\/div>\n\t\t\t\t<\/div>\n\t\t\t\t\t\t<\/div>\n\t\t\t<\/div>\n\t\t<\/div>\n\t\t\t\t\t\t<\/div>\n\t\t\t<\/div>\n\t\t<\/section>\n\t\t\t\t\t\t<\/div>\n\t\t\t\t\t\t<\/div>\n\t\t\t\t\t<\/div>\n\t\t","protected":false},"excerpt":{"rendered":"<p>Cada vez somos m\u00e1s las empresas que creemos que la uni\u00f3n hace la fuerza para representar los intereses de empresas establecidas en M\u00e9xico en el ramo de la refrigeraci\u00f3n y climatizaci\u00f3n. Ac\u00e9rcate y conoce los beneficios de pertenecer a la familia ANDIRA y obt\u00e9n tu membres\u00eda. Cont\u00e1ctanos<\/p>\n","protected":false},"author":1,"featured_media":0,"parent":0,"menu_order":0,"comment_status":"closed","ping_status":"closed","template":"","meta":[],"_links":{"self":[{"href":"https:\/\/andira.org.mx\/admin\/wp-json\/wp\/v2\/pages\/6070"}],"collection":[{"href":"https:\/\/andira.org.mx\/admin\/wp-json\/wp\/v2\/pages"}],"about":[{"href":"https:\/\/andira.org.mx\/admin\/wp-json\/wp\/v2\/types\/page"}],"author":[{"embeddable":true,"href":"https:\/\/andira.org.mx\/admin\/wp-json\/wp\/v2\/users\/1"}],"replies":[{"embeddable":true,"href":"https:\/\/andira.org.mx\/admin\/wp-json\/wp\/v2\/comments?post=6070"}],"version-history":[{"count":2,"href":"https:\/\/andira.org.mx\/admin\/wp-json\/wp\/v2\/pages\/6070\/revisions"}],"predecessor-version":[{"id":19676,"href":"https:\/\/andira.org.mx\/admin\/wp-json\/wp\/v2\/pages\/6070\/revisions\/19676"}],"wp:attachment":[{"href":"https:\/\/andira.org.mx\/admin\/wp-json\/wp\/v2\/media?parent=6070"}],"curies":[{"name":"wp","href":"https:\/\/api.w.org\/{rel}","templated":true}]}}