{"id":58,"date":"2016-06-13T16:11:07","date_gmt":"2016-06-13T16:11:07","guid":{"rendered":"http:\/\/sw-themes.com\/porto_dummy\/?page_id=58"},"modified":"2020-07-22T02:26:35","modified_gmt":"2020-07-22T02:26:35","slug":"quienes-somos","status":"publish","type":"page","link":"https:\/\/andira.org.mx\/admin\/quienes-somos\/","title":{"rendered":"Qui\u00e9nes somos"},"content":{"rendered":"\t\t<div data-elementor-type=\"wp-page\" data-elementor-id=\"58\" class=\"elementor elementor-58\" data-elementor-settings=\"[]\">\n\t\t\t\t\t\t<div class=\"elementor-inner\">\n\t\t\t\t\t\t\t<div class=\"elementor-section-wrap\">\n\t\t\t\t\t\t\t<section class=\"elementor-section elementor-top-section elementor-element elementor-element-44a8103 elementor-section-boxed elementor-section-height-default elementor-section-height-default\" data-id=\"44a8103\" data-element_type=\"section\">\n\t\t\t\t\t\t<div class=\"elementor-container elementor-column-gap-default \">\n\t\t\t\t<div class=\"elementor-row\">\n\t\t\t\t<div class=\"elementor-column elementor-col-50 elementor-top-column elementor-element elementor-element-698906d\" data-id=\"698906d\" data-element_type=\"column\">\n\t\t\t<div class=\"elementor-column-wrap  elementor-element-populated\">\n\t\t\t\t\t<div class=\"elementor-widget-wrap\">\n\t\t\t\t<div class=\"elementor-element elementor-element-b954716 elementor-widget elementor-widget-text-editor\" data-id=\"b954716\" data-element_type=\"widget\" data-widget_type=\"text-editor.default\">\n\t\t\t\t<div class=\"elementor-widget-container\">\n\t\t\t\t\t<div class=\"elementor-text-editor elementor-clearfix\"><h3>Acerca de ANDIRA<\/h3><p>ANDIRA (Asociaci\u00f3n Nacional de Distribuidores de la Industria de la Refrigeraci\u00f3n y Aire Acondicionado, A.C.) es una asociaci\u00f3n sin fines de lucro compuesta por empresas dedicadas a la distribuci\u00f3n en el sector de la Refrigeraci\u00f3n y Aire Acondicionado que promueve y apoya el crecimiento sustentable de los Socios y Asociados; con herramientas para la reflexi\u00f3n, la integraci\u00f3n y el desarrollo a trav\u00e9s de capacitaci\u00f3n, certificaci\u00f3n de t\u00e9cnicos, fomento de buenas pr\u00e1cticas y oportunidades de negocio.<\/p><p>Con la participaci\u00f3n de asociados estrat\u00e9gico como fabricantes y otras empresas con intereses similares buscamos convertirnos en una Asociaci\u00f3n con capacidad real para satisfacer las demandas y atender los requerimientos de nuestros asociados; valiendo como \u00f3rgano de representaci\u00f3n ante cualquier tipo de instituci\u00f3n con calidad, eficiencia y profesionalismo.<\/p><p>ANDIRA se constituy\u00f3 formalmente en noviembre de 2008 para crear una industria mejor definida e identificable ante autoridades federales, proveedores de mercanc\u00edas y usuarios finales. ANDIRA le da respaldo de una Asociaci\u00f3n consolidada, donde la uni\u00f3n de las empresas afirma la fortaleza para cuidar intereses comunes.<\/p><p>Junto con el Consejo en Excelencia T\u00e9cnica (CET), promovemos la certificaci\u00f3n de profesionales mec\u00e1nicos en refrigeraci\u00f3n y aire acondicionado, hasta 25 toneladas. Este programa comprende una serie de evaluaciones te\u00f3rico-pr\u00e1cticas en ambos sectores para acceder a la certificaci\u00f3n.<\/p><p>En ANDIRA realizamos conferencias t\u00e9cnicas dirigidas a t\u00e9cnicos e instaladores, empresas de servicios de instalaci\u00f3n, as\u00ed como personal de mantenimiento de empresas que cuentan con sistemas de refrigeraci\u00f3n y climatizaci\u00f3n y capacitaciones de desarrollo empresarial de inter\u00e9s general para los Asociados y para el p\u00fablico que conforma nuestro sector. Adem\u00e1s de ser una de las asociaciones que coorganiza el Foro Internacional de Refrigeraci\u00f3n y Climatizaci\u00f3n (FIRC), ANDIRA tiene presencia en eventos, congresos y exposiciones donde difundimos informaci\u00f3n sobre la importancia de la capacitaci\u00f3n, avances tecnol\u00f3gicos y reglamentaciones en M\u00e9xico.<\/p><\/div>\n\t\t\t\t<\/div>\n\t\t\t\t<\/div>\n\t\t\t\t\t\t<\/div>\n\t\t\t<\/div>\n\t\t<\/div>\n\t\t\t\t<div class=\"elementor-column elementor-col-50 elementor-top-column elementor-element elementor-element-c8e22dc\" data-id=\"c8e22dc\" data-element_type=\"column\">\n\t\t\t<div class=\"elementor-column-wrap  elementor-element-populated\">\n\t\t\t\t\t<div class=\"elementor-widget-wrap\">\n\t\t\t\t<div class=\"elementor-element elementor-element-6d42898 elementor-widget elementor-widget-text-editor\" data-id=\"6d42898\" data-element_type=\"widget\" data-widget_type=\"text-editor.default\">\n\t\t\t\t<div class=\"elementor-widget-container\">\n\t\t\t\t\t<div class=\"elementor-text-editor elementor-clearfix\"><h3>Objetivos<\/h3><ul><li>Capacitar, certificar y concientizar son los objetivos b\u00e1sicos de la ANDIRA.<\/li><li>Representar los intereses de los asociados en la b\u00fasqueda de un marco legal y regulatorio que facilite el desarrollo de los negocios y proporcione servicios de valor agregado.<\/li><li>Promover la profesionalizaci\u00f3n de la industria a trav\u00e9s de la capacitaci\u00f3n continua.<\/li><li>Crear conciencia ecol\u00f3gica y desarrollar estrategias para alcanzar mejores pr\u00e1cticas comerciales.<\/li><li>Generar alianzas entre en el sector de la refrigeraci\u00f3n y climatizaci\u00f3n, que proporcione los medios necesarios para brindar al mercado productos y equipos<\/li><li>Organizar y promover programas orientados a promover las mejores pr\u00e1cticas de negocio, que garanticen un marco de libre competencia, y precios justos.<\/li><\/ul><\/div>\n\t\t\t\t<\/div>\n\t\t\t\t<\/div>\n\t\t\t\t\t\t<\/div>\n\t\t\t<\/div>\n\t\t<\/div>\n\t\t\t\t\t\t<\/div>\n\t\t\t<\/div>\n\t\t<\/section>\n\t\t\t\t\t\t<\/div>\n\t\t\t\t\t\t<\/div>\n\t\t\t\t\t<\/div>\n\t\t","protected":false},"excerpt":{"rendered":"<p>Acerca de ANDIRA ANDIRA (Asociaci\u00f3n Nacional de Distribuidores de la Industria de la Refrigeraci\u00f3n y Aire Acondicionado, A.C.) es una asociaci\u00f3n sin fines de lucro compuesta por empresas dedicadas a la distribuci\u00f3n en el sector de la Refrigeraci\u00f3n y Aire Acondicionado que promueve y apoya el crecimiento sustentable de los Socios y Asociados; con herramientas [&hellip;]<\/p>\n","protected":false},"author":1,"featured_media":0,"parent":0,"menu_order":0,"comment_status":"closed","ping_status":"closed","template":"","meta":[],"_links":{"self":[{"href":"https:\/\/andira.org.mx\/admin\/wp-json\/wp\/v2\/pages\/58"}],"collection":[{"href":"https:\/\/andira.org.mx\/admin\/wp-json\/wp\/v2\/pages"}],"about":[{"href":"https:\/\/andira.org.mx\/admin\/wp-json\/wp\/v2\/types\/page"}],"author":[{"embeddable":true,"href":"https:\/\/andira.org.mx\/admin\/wp-json\/wp\/v2\/users\/1"}],"replies":[{"embeddable":true,"href":"https:\/\/andira.org.mx\/admin\/wp-json\/wp\/v2\/comments?post=58"}],"version-history":[{"count":4,"href":"https:\/\/andira.org.mx\/admin\/wp-json\/wp\/v2\/pages\/58\/revisions"}],"predecessor-version":[{"id":19665,"href":"https:\/\/andira.org.mx\/admin\/wp-json\/wp\/v2\/pages\/58\/revisions\/19665"}],"wp:attachment":[{"href":"https:\/\/andira.org.mx\/admin\/wp-json\/wp\/v2\/media?parent=58"}],"curies":[{"name":"wp","href":"https:\/\/api.w.org\/{rel}","templated":true}]}}