{"id":5652,"date":"2015-04-11T22:40:12","date_gmt":"2015-04-12T03:40:12","guid":{"rendered":"http:\/\/www.andira.org.mx\/admin\/?page_id=5652"},"modified":"2020-07-22T02:53:22","modified_gmt":"2020-07-22T02:53:22","slug":"mensaje-del-presidente","status":"publish","type":"page","link":"https:\/\/andira.org.mx\/admin\/mensaje-del-presidente\/","title":{"rendered":"Mensaje del Presidente"},"content":{"rendered":"\t\t<div data-elementor-type=\"wp-page\" data-elementor-id=\"5652\" class=\"elementor elementor-5652\" data-elementor-settings=\"[]\">\n\t\t\t\t\t\t<div class=\"elementor-inner\">\n\t\t\t\t\t\t\t<div class=\"elementor-section-wrap\">\n\t\t\t\t\t\t\t<section class=\"elementor-section elementor-top-section elementor-element elementor-element-e8fe474 elementor-section-boxed elementor-section-height-default elementor-section-height-default\" data-id=\"e8fe474\" data-element_type=\"section\">\n\t\t\t\t\t\t<div class=\"elementor-container elementor-column-gap-default \">\n\t\t\t\t<div class=\"elementor-row\">\n\t\t\t\t<div class=\"elementor-column elementor-col-100 elementor-top-column elementor-element elementor-element-59ef3440\" data-id=\"59ef3440\" data-element_type=\"column\">\n\t\t\t<div class=\"elementor-column-wrap  elementor-element-populated\">\n\t\t\t\t\t<div class=\"elementor-widget-wrap\">\n\t\t\t\t<div class=\"elementor-element elementor-element-1233398c elementor-widget elementor-widget-text-editor\" data-id=\"1233398c\" data-element_type=\"widget\" data-widget_type=\"text-editor.default\">\n\t\t\t\t<div class=\"elementor-widget-container\">\n\t\t\t\t\t<div class=\"elementor-text-editor elementor-clearfix\"><h3><strong>Estimados socios, colegas y amigos<\/strong><\/h3><br\/>\n<span style=\"font-weight: 400;\">Agradezco a la Asociaci\u00f3n Nacional de Distribuidores de la Industria de la Refrigeraci\u00f3n y Aire Acondicionado A.C. ANDIRA por la confianza de poder liderar esta gran asociaci\u00f3n durante el periodo 2020-2021. Periodo en el que buscaremos desarrollar diferentes estrategias alineadas a la misi\u00f3n y ejes rectores de ANDIRA con una base s\u00f3lida de compromiso, confianza y profesionalismo.<\/span><br\/><br\/>\n<span style=\"font-weight: 400;\">Durante este periodo trabajaremos en diferentes objetivos para fortalecer a los socios, industria y a la asociaci\u00f3n:<\/span> <span style=\"font-weight: 400;\">trabajaremos para conocer el valor real del mercado de la refrigeraci\u00f3n y el aire acondicionado en M\u00e9xico y as\u00ed tomar mejores decisiones; fortaleceremos la estructura y recaudaci\u00f3n de la asociaci\u00f3n, promoveremos una mayor comunicaci\u00f3n entre fabricantes, distribuidores, contratistas, prestadores de servicio y usuario final a trav\u00e9s de acciones que refuercen la confianza y credibilidad entre cada uno de ellos; continuaremos con el fomento de las buenas pr\u00e1cticas, capacitaci\u00f3n, sustentabilidad, certificaci\u00f3n y la compra de Marcas Reconocidas con Distribuidores Autorizados.<\/span><br\/><br\/>\n<span style=\"font-weight: 400;\">Adem\u00e1s, buscaremos integrar a m\u00e1s distribuidores de los diferentes estados de la rep\u00fablica para que en los pr\u00f3ximos periodos puedan integrarse a la mesa directiva.\u00a0<\/span><br\/><br\/>\n<span style=\"font-weight: 400;\">Lo antes mencionado, lo lograremos trabajando en conjunto y bajo 4 principales pilares: estructura, comunicaci\u00f3n, recaudaci\u00f3n y desarrollo sustentables.\u00a0<\/span><br\/><br\/>\n<span style=\"font-weight: 400;\">Reitero mi compromiso por trabajar y dedicar esfuerzos en conjunto con la estructura de ANDIRA para desarrollar m\u00e1s beneficios para los socios, industria y sociedad.<\/span><br\/><br\/>\n<span style=\"font-weight: 400;\">La uni\u00f3n hace la fuerza.\u00a0<\/span>\n\n<span style=\"font-weight: 400;\"><img loading=\"lazy\" class=\"size-medium wp-image-18930 aligncenter\" src=\"https:\/\/www.andira.org.mx\/website\/wp-content\/uploads\/2020\/05\/A0CG0005372-735x400-3-670x435-1-300x195.jpg\" alt=\"\" width=\"300\" height=\"195\" \/><\/span>\n<p style=\"text-align: center;\"><b>Rodrigo Ru\u00edz Hinojosa<\/b><\/p>\n<p style=\"text-align: center;\"><b>Presidente ANDIRA 2020-2021<\/b><\/p><\/div>\n\t\t\t\t<\/div>\n\t\t\t\t<\/div>\n\t\t\t\t\t\t<\/div>\n\t\t\t<\/div>\n\t\t<\/div>\n\t\t\t\t\t\t<\/div>\n\t\t\t<\/div>\n\t\t<\/section>\n\t\t\t\t\t\t<\/div>\n\t\t\t\t\t\t<\/div>\n\t\t\t\t\t<\/div>\n\t\t","protected":false},"excerpt":{"rendered":"<p>Estimados socios, colegas y amigos Agradezco a la Asociaci\u00f3n Nacional de Distribuidores de la Industria de la Refrigeraci\u00f3n y Aire Acondicionado A.C. ANDIRA por la confianza de poder liderar esta gran asociaci\u00f3n durante el periodo 2020-2021. Periodo en el que buscaremos desarrollar diferentes estrategias alineadas a la misi\u00f3n y ejes rectores de ANDIRA con una [&hellip;]<\/p>\n","protected":false},"author":1,"featured_media":0,"parent":0,"menu_order":0,"comment_status":"closed","ping_status":"closed","template":"","meta":[],"_links":{"self":[{"href":"https:\/\/andira.org.mx\/admin\/wp-json\/wp\/v2\/pages\/5652"}],"collection":[{"href":"https:\/\/andira.org.mx\/admin\/wp-json\/wp\/v2\/pages"}],"about":[{"href":"https:\/\/andira.org.mx\/admin\/wp-json\/wp\/v2\/types\/page"}],"author":[{"embeddable":true,"href":"https:\/\/andira.org.mx\/admin\/wp-json\/wp\/v2\/users\/1"}],"replies":[{"embeddable":true,"href":"https:\/\/andira.org.mx\/admin\/wp-json\/wp\/v2\/comments?post=5652"}],"version-history":[{"count":10,"href":"https:\/\/andira.org.mx\/admin\/wp-json\/wp\/v2\/pages\/5652\/revisions"}],"predecessor-version":[{"id":19686,"href":"https:\/\/andira.org.mx\/admin\/wp-json\/wp\/v2\/pages\/5652\/revisions\/19686"}],"wp:attachment":[{"href":"https:\/\/andira.org.mx\/admin\/wp-json\/wp\/v2\/media?parent=5652"}],"curies":[{"name":"wp","href":"https:\/\/api.w.org\/{rel}","templated":true}]}}