{"id":3,"date":"2020-07-19T01:34:06","date_gmt":"2020-07-19T01:34:06","guid":{"rendered":"https:\/\/andira.org.mx\/admin\/?page_id=3"},"modified":"2020-07-31T05:19:37","modified_gmt":"2020-07-31T05:19:37","slug":"aviso-de-privaciad","status":"publish","type":"page","link":"https:\/\/andira.org.mx\/admin\/aviso-de-privaciad\/","title":{"rendered":"Aviso de privacidad"},"content":{"rendered":"\t\t<div data-elementor-type=\"wp-page\" data-elementor-id=\"3\" class=\"elementor elementor-3\" data-elementor-settings=\"[]\">\n\t\t\t\t\t\t<div class=\"elementor-inner\">\n\t\t\t\t\t\t\t<div class=\"elementor-section-wrap\">\n\t\t\t\t\t\t\t<section class=\"elementor-section elementor-top-section elementor-element elementor-element-7cf2d5f elementor-section-boxed elementor-section-height-default elementor-section-height-default\" data-id=\"7cf2d5f\" data-element_type=\"section\">\n\t\t\t\t\t\t<div class=\"elementor-container elementor-column-gap-default \">\n\t\t\t\t<div class=\"elementor-row\">\n\t\t\t\t<div class=\"elementor-column elementor-col-100 elementor-top-column elementor-element elementor-element-d5daa2d\" data-id=\"d5daa2d\" data-element_type=\"column\">\n\t\t\t<div class=\"elementor-column-wrap  elementor-element-populated\">\n\t\t\t\t\t<div class=\"elementor-widget-wrap\">\n\t\t\t\t<div class=\"elementor-element elementor-element-23604e8 elementor-widget elementor-widget-cms_heading\" data-id=\"23604e8\" data-element_type=\"widget\" data-widget_type=\"cms_heading.default\">\n\t\t\t\t<div class=\"elementor-widget-container\">\n\t\t\t<div class=\"cms-heading-wrapper cms-heading-layout1 \">\r\n    \r\n            <h2 class=\"custom-heading\">\r\n            <span                 >\r\n                Politicas de Privacidad<\/span>\r\n        <\/h2>\r\n        \r\n    <\/div>\t\t<\/div>\n\t\t\t\t<\/div>\n\t\t\t\t\t\t<\/div>\n\t\t\t<\/div>\n\t\t<\/div>\n\t\t\t\t\t\t<\/div>\n\t\t\t<\/div>\n\t\t<\/section>\n\t\t\t\t<section class=\"elementor-section elementor-top-section elementor-element elementor-element-121a073 elementor-section-boxed elementor-section-height-default elementor-section-height-default\" data-id=\"121a073\" data-element_type=\"section\">\n\t\t\t\t\t\t<div class=\"elementor-container elementor-column-gap-default \">\n\t\t\t\t<div class=\"elementor-row\">\n\t\t\t\t<div class=\"elementor-column elementor-col-100 elementor-top-column elementor-element elementor-element-0fa970c\" data-id=\"0fa970c\" data-element_type=\"column\">\n\t\t\t<div class=\"elementor-column-wrap  elementor-element-populated\">\n\t\t\t\t\t<div class=\"elementor-widget-wrap\">\n\t\t\t\t<div class=\"elementor-element elementor-element-2c74cf9 elementor-widget elementor-widget-spacer\" data-id=\"2c74cf9\" data-element_type=\"widget\" data-widget_type=\"spacer.default\">\n\t\t\t\t<div class=\"elementor-widget-container\">\n\t\t\t\t\t<div class=\"elementor-spacer\">\n\t\t\t<div class=\"elementor-spacer-inner\"><\/div>\n\t\t<\/div>\n\t\t\t\t<\/div>\n\t\t\t\t<\/div>\n\t\t\t\t<div class=\"elementor-element elementor-element-e526816 elementor-widget elementor-widget-cms_text_editor\" data-id=\"e526816\" data-element_type=\"widget\" data-widget_type=\"cms_text_editor.default\">\n\t\t\t\t<div class=\"elementor-widget-container\">\n\t\t\t<div class=\"elementor-text-editor elementor-clearfix \">\n\t<p>Dando cumplimiento a los art\u00edculos 3, 7, 15 y 16 de la Ley Federal de Protecci\u00f3n de Datos Personales en Posesi\u00f3n de los Particulares, <strong>ASHRAE Ciudad de M\u00e9xico A.C.<\/strong>, con domicilio en Av. San Antonio 319-101 Col. San Pedro de los Pinos Del. Benito Ju\u00e1rez C.P. 03800 M\u00e9xico DF, notificamos a usted que la informaci\u00f3n que nos ha sido entregada ser\u00e1 utilizada para identificarlo como cliente o proveedor de <strong>ASHRAE Ciudad de M\u00e9xico A.C.<\/strong>, seg\u00fan sea el caso y podr\u00e1 ser utilizada para efectos, de manera enunciativa m\u00e1s no limitativa de:<\/p>\n<ul>\n<li>Notificarle sobre nuestros eventos<\/li>\n<li>Elaboraci\u00f3n de cotizaciones<\/li>\n<li>Dar de alta en nuestro sistema de facturaci\u00f3n<\/li>\n<li>Cualquier otra actividad relacionada con el objeto social de ambas<\/li>\n<\/ul><\/div>\t\t<\/div>\n\t\t\t\t<\/div>\n\t\t\t\t<div class=\"elementor-element elementor-element-2a6d1e9 elementor-widget elementor-widget-cms_text_editor\" data-id=\"2a6d1e9\" data-element_type=\"widget\" data-widget_type=\"cms_text_editor.default\">\n\t\t\t\t<div class=\"elementor-widget-container\">\n\t\t\t<div class=\"elementor-text-editor elementor-clearfix \">\n\t<p>El uso de esta informaci\u00f3n es confidencial, garantizando esto por medio de entranamientos anuales a los empleados de <strong>ASHRAE Ciudad de M\u00e9xico A.C.<\/strong>, as\u00ed como con la firma convenios de confidencialidad. Si requiere ejercer sus derechos de acceso, rectificaci\u00f3n, correcci\u00f3n u objeci\u00f3n <strong>(ARCO)<\/strong> al tratamiento de los mismos o a revocar el consentimiento que para dicho fin nos haya otorgado, es necesario que env\u00ede la solicitud en los t\u00e9rminos que marca la Ley en el Art. 29 al coordinador de protecci\u00f3n de datos personales es el: Ing. Gildardo Ya\u00f1ez Angli; ubicado en el domicilio: Av. San Antonio 319-101 Col. San Pedro de los Pinos Del. Benito Ju\u00e1rez C.P. 03800 M\u00e9xico DF, tel\u00e9fono:5669 0863 atender\u00e1n su solicitud de inmediato.<\/p>\n<p><strong>ASHRAE Ciudad de M\u00e9xico A.C.,<\/strong> podr\u00e1 modificar el presente aviso notificando del mismo por medio de su p\u00e1gina web: <a href=\"http:\/\/www.ashraemx.org\/aviso-de-privacidad\/\"><strong>http:\/\/www.ashraemx.org\/aviso-de-privacidad\/<\/strong><\/a><\/p>\n<p>En caso de no recibir notificaci\u00f3n alguna al presente aviso en un plazo m\u00e1ximo de 8 (ocho) d\u00edas naturales despu\u00e9s de la fecha de recepci\u00f3n del mismo, se entender\u00e1 por le\u00eddo y aceptado en todos sus t\u00e9rminos.<\/p>\n<p><strong>Fecha de \u00faltima actualizaci\u00f3n:<\/strong> 16\/11\/2013<\/p>\n<p><strong>ASHRAE Ciudad de M\u00e9xico A.C.<\/strong><\/p>\n<p>Av. San Antonio 319-101 Col. San Pedro de los Pinos Del. Benito Ju\u00e1rez C.P. 03800 M\u00e9xico DF<\/p>\n<p>Tel. 55 8768 9710<\/p>\n<p><a href=\"http:\/\/www.ashraemx.org\"><strong>www.ashraemx.org<\/strong><\/a><\/p><\/div>\t\t<\/div>\n\t\t\t\t<\/div>\n\t\t\t\t\t\t<\/div>\n\t\t\t<\/div>\n\t\t<\/div>\n\t\t\t\t\t\t<\/div>\n\t\t\t<\/div>\n\t\t<\/section>\n\t\t\t\t\t\t<\/div>\n\t\t\t\t\t\t<\/div>\n\t\t\t\t\t<\/div>\n\t\t","protected":false},"excerpt":{"rendered":"<p>Politicas de Privacidad Dando cumplimiento a los art\u00edculos 3, 7, 15 y 16 de la Ley Federal de Protecci\u00f3n de Datos Personales en Posesi\u00f3n de los Particulares, ASHRAE Ciudad de M\u00e9xico A.C., con domicilio en Av. San Antonio 319-101 Col. San Pedro de los Pinos Del. Benito Ju\u00e1rez C.P. 03800 M\u00e9xico DF, notificamos a usted [&hellip;]<\/p>\n","protected":false},"author":1,"featured_media":0,"parent":0,"menu_order":0,"comment_status":"closed","ping_status":"open","template":"","meta":[],"_links":{"self":[{"href":"https:\/\/andira.org.mx\/admin\/wp-json\/wp\/v2\/pages\/3"}],"collection":[{"href":"https:\/\/andira.org.mx\/admin\/wp-json\/wp\/v2\/pages"}],"about":[{"href":"https:\/\/andira.org.mx\/admin\/wp-json\/wp\/v2\/types\/page"}],"author":[{"embeddable":true,"href":"https:\/\/andira.org.mx\/admin\/wp-json\/wp\/v2\/users\/1"}],"replies":[{"embeddable":true,"href":"https:\/\/andira.org.mx\/admin\/wp-json\/wp\/v2\/comments?post=3"}],"version-history":[{"count":4,"href":"https:\/\/andira.org.mx\/admin\/wp-json\/wp\/v2\/pages\/3\/revisions"}],"predecessor-version":[{"id":19904,"href":"https:\/\/andira.org.mx\/admin\/wp-json\/wp\/v2\/pages\/3\/revisions\/19904"}],"wp:attachment":[{"href":"https:\/\/andira.org.mx\/admin\/wp-json\/wp\/v2\/media?parent=3"}],"curies":[{"name":"wp","href":"https:\/\/api.w.org\/{rel}","templated":true}]}}