{"id":11649,"date":"2017-09-06T17:11:19","date_gmt":"2017-09-06T17:11:19","guid":{"rendered":"https:\/\/www.andira.org.mx\/website\/?page_id=11649"},"modified":"2017-09-06T17:11:19","modified_gmt":"2017-09-06T17:11:19","slug":"certificacion","status":"publish","type":"page","link":"https:\/\/andira.org.mx\/admin\/certificacion\/","title":{"rendered":"Certificaci\u00f3n"},"content":{"rendered":"<p><strong>ANDIRA<\/strong> es miembro del Comit\u00e9 de Gesti\u00f3n por Competencias que, en conjunto con otras importantes asociaciones, tienen como fin com\u00fan aportar sus conocimientos para el desarrollo y actualizaci\u00f3n de est\u00e1ndares de competencia.<\/p>\n<p><strong>ANDIRA<\/strong>, apoya, promueve e incentiva la certificaci\u00f3n de trabajadores de la industria de la refrigeraci\u00f3n y climatizaci\u00f3n ya que est\u00e1 a favor del desarrollo de una industria m\u00e1s preparada profesionalmente; por ello ANDIRA implementa planes de capacitaciones t\u00e9cnicas alineadas a la certificaci\u00f3n que reconoce los beneficios de la certificaci\u00f3n, entre ellos:<\/p>\n<p><strong>Beneficios de certificarse<\/strong><\/p>\n<ul>\n<li>Fortalece capacidades<\/li>\n<li>Mayor desempe\u00f1o productivo<\/li>\n<li>Permite acceder a mejores oportunidades laborales<\/li>\n<li>Menor \u00edndice de garant\u00edas y quejas<\/li>\n<li>Eficiencia operativa<\/li>\n<li>Mejor relaci\u00f3n costo-tiempo<\/li>\n<li>Incrementa la lealtad del cliente<\/li>\n<li>Porta distintivos que identifican a un profesional: certificado otorgado por la Secretar\u00eda de Educaci\u00f3n P\u00fablica y por la industria, credencial, insignias y alta en el Registro Nacional de Profesionales Certificados<\/li>\n<\/ul>\n<p>La industria de la Climatizaci\u00f3n y la Refrigeraci\u00f3n consiente de la necesidad de regularizar el mercado y asegurar el buen funcionamiento de la cadena del fr\u00edo, a trav\u00e9s de un grupo de expertos crearon un programa de certificaci\u00f3n en el rubro de instalaciones para la construcci\u00f3n en M\u00e9xico, el cual eval\u00faa y certifica las competencias que disponen los mec\u00e1nicos, sea donde sea que las hayan adquirido.<\/p>\n<p>As\u00ed surgi\u00f3 el Consejo en Excelencia T\u00e9cnica (CET), entidad que cuenta con un programa de certificaci\u00f3n que integra a la cadena productiva del sector HVACR, capacita y certifica con el objetivo de alinear los recursos de fabricantes, distribuidores y prestadores de servicio en favor del desarrollo del profesional mec\u00e1nico que aspire a demostrar sus competencias.<\/p>\n<p>Para conocer el proceso de certificaci\u00f3n <a href=\"https:\/\/cet.mx\/\" target=\"_blank\" rel=\"noopener noreferrer\">ingresa aqu\u00ed<\/a><\/p>\n","protected":false},"excerpt":{"rendered":"<p>ANDIRA es miembro del Comit\u00e9 de Gesti\u00f3n por Competencias que, en conjunto con otras importantes asociaciones, tienen como fin com\u00fan aportar sus conocimientos para el desarrollo y actualizaci\u00f3n de est\u00e1ndares de competencia. ANDIRA, apoya, promueve e incentiva la certificaci\u00f3n de trabajadores de la industria de la refrigeraci\u00f3n y climatizaci\u00f3n ya que est\u00e1 a favor del [&hellip;]<\/p>\n","protected":false},"author":1,"featured_media":0,"parent":0,"menu_order":0,"comment_status":"closed","ping_status":"closed","template":"","meta":[],"_links":{"self":[{"href":"https:\/\/andira.org.mx\/admin\/wp-json\/wp\/v2\/pages\/11649"}],"collection":[{"href":"https:\/\/andira.org.mx\/admin\/wp-json\/wp\/v2\/pages"}],"about":[{"href":"https:\/\/andira.org.mx\/admin\/wp-json\/wp\/v2\/types\/page"}],"author":[{"embeddable":true,"href":"https:\/\/andira.org.mx\/admin\/wp-json\/wp\/v2\/users\/1"}],"replies":[{"embeddable":true,"href":"https:\/\/andira.org.mx\/admin\/wp-json\/wp\/v2\/comments?post=11649"}],"version-history":[{"count":0,"href":"https:\/\/andira.org.mx\/admin\/wp-json\/wp\/v2\/pages\/11649\/revisions"}],"wp:attachment":[{"href":"https:\/\/andira.org.mx\/admin\/wp-json\/wp\/v2\/media?parent=11649"}],"curies":[{"name":"wp","href":"https:\/\/api.w.org\/{rel}","templated":true}]}}