{"id":11617,"date":"2017-08-07T15:44:35","date_gmt":"2017-08-07T15:44:35","guid":{"rendered":"https:\/\/www.andira.org.mx\/website\/?page_id=11617"},"modified":"2020-07-22T02:40:29","modified_gmt":"2020-07-22T02:40:29","slug":"consejo","status":"publish","type":"page","link":"https:\/\/andira.org.mx\/admin\/consejo\/","title":{"rendered":"Consejo"},"content":{"rendered":"\t\t<div data-elementor-type=\"wp-page\" data-elementor-id=\"11617\" class=\"elementor elementor-11617\" data-elementor-settings=\"[]\">\n\t\t\t\t\t\t<div class=\"elementor-inner\">\n\t\t\t\t\t\t\t<div class=\"elementor-section-wrap\">\n\t\t\t\t\t\t\t<section class=\"elementor-section elementor-top-section elementor-element elementor-element-3584ad4 elementor-section-boxed elementor-section-height-default elementor-section-height-default\" data-id=\"3584ad4\" data-element_type=\"section\">\n\t\t\t\t\t\t<div class=\"elementor-container elementor-column-gap-default \">\n\t\t\t\t<div class=\"elementor-row\">\n\t\t\t\t<div class=\"elementor-column elementor-col-50 elementor-top-column elementor-element elementor-element-9ea8484\" data-id=\"9ea8484\" data-element_type=\"column\">\n\t\t\t<div class=\"elementor-column-wrap  elementor-element-populated\">\n\t\t\t\t\t<div class=\"elementor-widget-wrap\">\n\t\t\t\t<div class=\"elementor-element elementor-element-02590eb elementor-widget elementor-widget-text-editor\" data-id=\"02590eb\" data-element_type=\"widget\" data-widget_type=\"text-editor.default\">\n\t\t\t\t<div class=\"elementor-widget-container\">\n\t\t\t\t\t<div class=\"elementor-text-editor elementor-clearfix\"><h5>Presidencia<\/h5>\nJos\u00e9 Manuel Noriega<br\/>\npresidencia@andira.org.mx<br\/><br\/>\n<h5>Consejo Consultivo<\/h5>\nFrancisco Ru\u00edz<br\/>\nfrancisco.r@andira.org.mx<br\/>\nLuis Ru\u00edz<br\/>\nluis.r@andira.org.mx<br\/><br\/>\n<h5>Consejo de Vigilancia<\/h5>\nLilia Rodr\u00edguez<br\/>\nlilia.r@andira.org.mx<br\/><br\/>\n<h5>Comit\u00e9 de Capacitaci\u00f3n Empresarial<\/h5>\nRodrigo Ru\u00edz<br\/>\nLourdes S\u00e1nchez<br\/>\ncapacitacion@andira.org.mx<br\/><br\/>\n<h5>Comit\u00e9 Capacitaci\u00f3n T\u00e9cnica<\/h5>\nJos\u00e9 Manuel Noriega<br\/>\nKaren Ocampo<br\/>\nGildardo Ya\u00f1ez<br\/>\nCapacitacion1@andira.org.mx<br\/><br\/>\n<h5>Comit\u00e9 Eventos<\/h5>\nJovan Alarc\u00f3n<br\/>\nEduardo Ru\u00edz<br\/>\nAlberto C\u00f3rdova<br\/>\neventos@andira.org.mx<\/div>\n\t\t\t\t<\/div>\n\t\t\t\t<\/div>\n\t\t\t\t\t\t<\/div>\n\t\t\t<\/div>\n\t\t<\/div>\n\t\t\t\t<div class=\"elementor-column elementor-col-50 elementor-top-column elementor-element elementor-element-5faaf7e\" data-id=\"5faaf7e\" data-element_type=\"column\">\n\t\t\t<div class=\"elementor-column-wrap  elementor-element-populated\">\n\t\t\t\t\t<div class=\"elementor-widget-wrap\">\n\t\t\t\t<div class=\"elementor-element elementor-element-6a13b4a elementor-widget elementor-widget-text-editor\" data-id=\"6a13b4a\" data-element_type=\"widget\" data-widget_type=\"text-editor.default\">\n\t\t\t\t<div class=\"elementor-widget-container\">\n\t\t\t\t\t<div class=\"elementor-text-editor elementor-clearfix\"><h5>Comit\u00e9 Membres\u00edas<\/h5>\n\nAlfredo Arredondo<br\/>\nFrancisco Ru\u00edz<br\/>\nLuis Ru\u00edz<br\/>\nmembresias@andira.org.mx<br\/><br\/>\n\n<h5>Comit\u00e9 Comunicaci\u00f3n y Divulgaci\u00f3n<\/h5>\n\nN\u00e9stor Hern\u00e1ndez<br\/>\ncomunicacion@andira.org.mx<br\/>\n\nLilia Rodr\u00edguez<br\/>\nLilia.r@andira.org.mx<br\/><br\/>\n\n<h5>Comit\u00e9 Representante ante Instituciones<\/h5>\n\nJos\u00e9 Manuel Noriega<br\/>\ninstituciones@andira.org.mx<br\/><br\/>\n\n<h5>Comit\u00e9 Finanzas<\/h5>\n\nEduardo Ru\u00edz<br\/>\ntesoreria@andira.org.mx <br\/><br\/>\n\n<h5>Gerencia de Operaciones<\/h5>\n\nCinthia Mart\u00ednez<br\/>\ncinthia.m@andira.org.mx<br\/><\/div>\n\t\t\t\t<\/div>\n\t\t\t\t<\/div>\n\t\t\t\t\t\t<\/div>\n\t\t\t<\/div>\n\t\t<\/div>\n\t\t\t\t\t\t<\/div>\n\t\t\t<\/div>\n\t\t<\/section>\n\t\t\t\t\t\t<\/div>\n\t\t\t\t\t\t<\/div>\n\t\t\t\t\t<\/div>\n\t\t","protected":false},"excerpt":{"rendered":"<p>Presidencia Jos\u00e9 Manuel Noriega presidencia@andira.org.mx Consejo Consultivo Francisco Ru\u00edz francisco.r@andira.org.mx Luis Ru\u00edz luis.r@andira.org.mx Consejo de Vigilancia Lilia Rodr\u00edguez lilia.r@andira.org.mx Comit\u00e9 de Capacitaci\u00f3n Empresarial Rodrigo Ru\u00edz Lourdes S\u00e1nchez capacitacion@andira.org.mx Comit\u00e9 Capacitaci\u00f3n T\u00e9cnica Jos\u00e9 Manuel Noriega Karen Ocampo Gildardo Ya\u00f1ez Capacitacion1@andira.org.mx Comit\u00e9 Eventos Jovan Alarc\u00f3n Eduardo Ru\u00edz Alberto C\u00f3rdova eventos@andira.org.mx Comit\u00e9 Membres\u00edas Alfredo Arredondo Francisco Ru\u00edz Luis [&hellip;]<\/p>\n","protected":false},"author":1,"featured_media":0,"parent":0,"menu_order":0,"comment_status":"closed","ping_status":"closed","template":"","meta":[],"_links":{"self":[{"href":"https:\/\/andira.org.mx\/admin\/wp-json\/wp\/v2\/pages\/11617"}],"collection":[{"href":"https:\/\/andira.org.mx\/admin\/wp-json\/wp\/v2\/pages"}],"about":[{"href":"https:\/\/andira.org.mx\/admin\/wp-json\/wp\/v2\/types\/page"}],"author":[{"embeddable":true,"href":"https:\/\/andira.org.mx\/admin\/wp-json\/wp\/v2\/users\/1"}],"replies":[{"embeddable":true,"href":"https:\/\/andira.org.mx\/admin\/wp-json\/wp\/v2\/comments?post=11617"}],"version-history":[{"count":11,"href":"https:\/\/andira.org.mx\/admin\/wp-json\/wp\/v2\/pages\/11617\/revisions"}],"predecessor-version":[{"id":19673,"href":"https:\/\/andira.org.mx\/admin\/wp-json\/wp\/v2\/pages\/11617\/revisions\/19673"}],"wp:attachment":[{"href":"https:\/\/andira.org.mx\/admin\/wp-json\/wp\/v2\/media?parent=11617"}],"curies":[{"name":"wp","href":"https:\/\/api.w.org\/{rel}","templated":true}]}}